{"id":95951,"date":"2024-02-08T22:54:38","date_gmt":"2024-02-08T21:54:38","guid":{"rendered":"https:\/\/one-horizon.ch\/product\/tacha-1-denim\/"},"modified":"2026-03-30T00:20:42","modified_gmt":"2026-03-29T22:20:42","slug":"tacha-1-denim","status":"publish","type":"product","link":"https:\/\/one-horizon.ch\/fr\/product\/tacha-1-denim\/","title":{"rendered":"Tacha 1 &#8211; denim"},"content":{"rendered":"<p>D\u00e9couvre le sac \u00e0 dos Shopper Tacha 1 &#8211; un multitalent \u00e9l\u00e9gant pour ton quotidien. Il est \u00e0 la fois un sac \u00e0 provisions et un sac \u00e0 dos, avec une doublure int\u00e9rieure r\u00e9sistante en coton de qualit\u00e9 sup\u00e9rieure.<\/p>\n<p>Le Tacha 1 t&#8217;accompagne dans tes achats et au travail, toujours chic et pratique. Nos produits lifestyle haut de gamme allient style et fonctionnalit\u00e9, et le Tacha 1 ne fait pas exception.<\/p>\n<p>Avec sa double fonction de portage, il offre \u00e0 la fois un usage pratique et un design tendance. Procure-toi le Tacha 1 et d\u00e9couvre la diff\u00e9rence ! Commandez d\u00e8s maintenant et enrichissez votre quotidien avec style.<\/p>\n<\/p>\n<p><strong>Caract\u00e9ristiques<\/strong><\/p>\n<ul>\n<li>Taille : H34 x P13 x L37 cm<\/li>\n<li>litres : 16,3<\/li>\n<li>poids : 0.8 kg<\/li>\n<li>Doublure : 100% coton r\u00e9sistant (fibre naturelle)<\/li>\n<li>Applications : cuir tann\u00e9 v\u00e9g\u00e9tal<\/li>\n<li>Housse ext\u00e9rieure : Canvas (fibre naturelle de coton), soft waxed (hydrofuge)<\/li>\n<li>fermeture \u00e9clair comme acc\u00e8s principal<\/li>\n<li>2 poign\u00e9es en coton (fibres naturelles) avec applications en cuir<\/li>\n<li>Bandouli\u00e8re en cuir : Coton (fibres naturelles)<\/li>\n<li>Dos rembourr\u00e9<\/li>\n<li>Ext\u00e9rieur : 2 pochettes cousues<\/li>\n<li>Raccords : m\u00e9tal<\/li>\n<li>Int\u00e9rieur de la sacoche : Compartiment pour tablette pouvant accueillir jusqu&#8217;\u00e0 10,5 pouces<\/li>\n<li>2 poches de rangement<\/li>\n<\/ul>\n","protected":false},"excerpt":{"rendered":"<p>Le sac \u00e0 dos Tacha 1 Shopper est un multitalent \u00e9l\u00e9gant et pratique avec une double fonction de portage, une doublure int\u00e9rieure en coton r\u00e9sistante et une housse ext\u00e9rieure imperm\u00e9able. Avec compartiment pour tablette, pochettes et poches ext\u00e9rieures. Dimensions : H34 x P13 x L37 cm, 16,3 litres, 0,8 kg.<\/p>\n","protected":false},"featured_media":74035,"comment_status":"open","ping_status":"closed","template":"","meta":{"_acf_changed":false},"product_brand":[3019],"product_cat":[867],"product_tag":[],"class_list":{"0":"post-95951","1":"product","2":"type-product","3":"status-publish","4":"has-post-thumbnail","6":"product_brand-margelisch","7":"product_cat-sacs-a-dos","8":"product_shipping_class-colis-jusqua-2-kg","10":"first","11":"onbackorder","12":"taxable","13":"shipping-taxable","14":"purchasable","15":"product-type-simple"},"acf":[],"_links":{"self":[{"href":"https:\/\/one-horizon.ch\/fr\/wp-json\/wp\/v2\/product\/95951","targetHints":{"allow":["GET"]}}],"collection":[{"href":"https:\/\/one-horizon.ch\/fr\/wp-json\/wp\/v2\/product"}],"about":[{"href":"https:\/\/one-horizon.ch\/fr\/wp-json\/wp\/v2\/types\/product"}],"replies":[{"embeddable":true,"href":"https:\/\/one-horizon.ch\/fr\/wp-json\/wp\/v2\/comments?post=95951"}],"wp:featuredmedia":[{"embeddable":true,"href":"https:\/\/one-horizon.ch\/fr\/wp-json\/wp\/v2\/media\/74035"}],"wp:attachment":[{"href":"https:\/\/one-horizon.ch\/fr\/wp-json\/wp\/v2\/media?parent=95951"}],"wp:term":[{"taxonomy":"product_brand","embeddable":true,"href":"https:\/\/one-horizon.ch\/fr\/wp-json\/wp\/v2\/product_brand?post=95951"},{"taxonomy":"product_cat","embeddable":true,"href":"https:\/\/one-horizon.ch\/fr\/wp-json\/wp\/v2\/product_cat?post=95951"},{"taxonomy":"product_tag","embeddable":true,"href":"https:\/\/one-horizon.ch\/fr\/wp-json\/wp\/v2\/product_tag?post=95951"}],"curies":[{"name":"wp","href":"https:\/\/api.w.org\/{rel}","templated":true}]}}