{"id":95952,"date":"2024-02-08T23:02:50","date_gmt":"2024-02-08T22:02:50","guid":{"rendered":"https:\/\/one-horizon.ch\/product\/areaware-stacking-planter-pot-a-plantes-haut-blanc\/"},"modified":"2026-04-04T11:16:27","modified_gmt":"2026-04-04T09:16:27","slug":"areaware-stacking-planter-blanc-pot-aux-plantes-haut","status":"publish","type":"product","link":"https:\/\/one-horizon.ch\/fr\/product\/areaware-stacking-planter-blanc-pot-aux-plantes-haut\/","title":{"rendered":"Stacking Planter &#8211; pot \u00e0 plantes haut blanc"},"content":{"rendered":"<p>L&#8217;Areaware &#8211; Stacking Planter &#8211; blanc (grand) est une solution \u00e9l\u00e9gante et pratique pour les amateurs de plantes. Ce cache-pot pour plantes r\u00e9unit discr\u00e8tement un pot et une soucoupe en une seule forme. En retirant l&#8217;anneau inf\u00e9rieur, on d\u00e9couvre une soucoupe cach\u00e9e. La forme circulaire de la fa\u00efence s&#8217;inspire des isolateurs en c\u00e9ramique sur les lignes \u00e0 haute tension.<\/p>\n<p>Avec l&#8217;Areaware &#8211; Stacking Planter, vous pouvez non seulement pr\u00e9senter vos plantes avec style, mais aussi apporter les avantages de la nature dans votre maison. Les plantes sont des filtres \u00e0 air naturels et de v\u00e9ritables centrales \u00e9lectriques vertes. Ce pot \u00e0 plantes unique vous permet de mettre en valeur vos plantes dans votre appartement ou votre bureau.<\/p>\n<p>L&#8217;Areaware &#8211; Stacking Planter a \u00e9t\u00e9 con\u00e7u par les designers Chen Chen &amp; Kai Williams et est fabriqu\u00e9 en fa\u00efence de haute qualit\u00e9. Il est disponible dans une couleur blanche attrayante et peut \u00e9galement \u00eatre achet\u00e9 dans les tailles grande et finition terracotta.<\/p>\n<p>Procurez-vous l&#8217;Areaware &#8211; Stacking Planter et ajoutez une touche de style et de fonctionnalit\u00e9 \u00e0 votre d\u00e9coration v\u00e9g\u00e9tale.<\/p>\n","protected":false},"excerpt":{"rendered":"<p>L&#8217;Areaware &#8211; Stacking Planter &#8211; blanc (grand) est une solution \u00e9l\u00e9gante et pratique pour les amateurs de plantes. Ce cache-pot pour plantes r\u00e9unit discr\u00e8tement un pot et une soucoupe en une seule forme. En retirant l&#8217;anneau inf\u00e9rieur, on d\u00e9couvre une soucoupe cach\u00e9e. La forme circulaire de la fa\u00efence s&#8217;inspire des isolateurs en c\u00e9ramique sur les [&hellip;]<\/p>\n","protected":false},"featured_media":100499,"comment_status":"open","ping_status":"closed","template":"","meta":{"_acf_changed":false},"product_brand":[2986],"product_cat":[1329],"product_tag":[],"class_list":{"0":"post-95952","1":"product","2":"type-product","3":"status-publish","4":"has-post-thumbnail","6":"product_brand-areaware","7":"product_cat-vases-fr","8":"product_shipping_class-colis-jusqua-2-kg","10":"first","11":"outofstock","12":"sale","13":"taxable","14":"shipping-taxable","15":"purchasable","16":"product-type-simple"},"acf":[],"_links":{"self":[{"href":"https:\/\/one-horizon.ch\/fr\/wp-json\/wp\/v2\/product\/95952","targetHints":{"allow":["GET"]}}],"collection":[{"href":"https:\/\/one-horizon.ch\/fr\/wp-json\/wp\/v2\/product"}],"about":[{"href":"https:\/\/one-horizon.ch\/fr\/wp-json\/wp\/v2\/types\/product"}],"replies":[{"embeddable":true,"href":"https:\/\/one-horizon.ch\/fr\/wp-json\/wp\/v2\/comments?post=95952"}],"wp:featuredmedia":[{"embeddable":true,"href":"https:\/\/one-horizon.ch\/fr\/wp-json\/wp\/v2\/media\/100499"}],"wp:attachment":[{"href":"https:\/\/one-horizon.ch\/fr\/wp-json\/wp\/v2\/media?parent=95952"}],"wp:term":[{"taxonomy":"product_brand","embeddable":true,"href":"https:\/\/one-horizon.ch\/fr\/wp-json\/wp\/v2\/product_brand?post=95952"},{"taxonomy":"product_cat","embeddable":true,"href":"https:\/\/one-horizon.ch\/fr\/wp-json\/wp\/v2\/product_cat?post=95952"},{"taxonomy":"product_tag","embeddable":true,"href":"https:\/\/one-horizon.ch\/fr\/wp-json\/wp\/v2\/product_tag?post=95952"}],"curies":[{"name":"wp","href":"https:\/\/api.w.org\/{rel}","templated":true}]}}