{"id":95961,"date":"2024-02-08T22:54:58","date_gmt":"2024-02-08T21:54:58","guid":{"rendered":"https:\/\/one-horizon.ch\/product\/la-mollla-no-1-collection-collier-moyen-acier-inoxydable\/"},"modified":"2026-04-07T23:02:55","modified_gmt":"2026-04-07T21:02:55","slug":"la-mollla-no-1-collection-collier-moyen-acier-inoxydable","status":"publish","type":"product","link":"https:\/\/one-horizon.ch\/fr\/product\/la-mollla-no-1-collection-collier-moyen-acier-inoxydable\/","title":{"rendered":"la mollla &#8211; no. 1 collection &#8211; Collier moyen, acier inoxydable"},"content":{"rendered":"<p>Collier<\/p>\n<p>Tiziana Redavid \u00e9tait \u00e9tudiante \u00e0 l&#8217;\u00e9cole polytechnique d&#8217;architecture de Turin en 1987 lorsqu&#8217;elle a fait une d\u00e9couverte circonstancielle. Depuis le sol de l&#8217;usine d&#8217;un fabricant de ressorts industriels, elle a d\u00e9couvert que les ressorts en acier inoxydable laiss\u00e9s en place \u00e9taient plut\u00f4t beaux sur son poignet. L&#8217;\u00e9tincelle cr\u00e9ative de l&#8217;inventeur s&#8217;est allum\u00e9e juste l\u00e0 et une id\u00e9e artistique s&#8217;est transform\u00e9e en une id\u00e9e commerciale. En 1997, Tiziana a lanc\u00e9 La Mollla, qui signifie printemps en italien, mais avec un L suppl\u00e9mentaire pour son \u00e9lasticit\u00e9.Tiziana Redavid est une architecte et designer industrielle internationalement reconnue, avec des bureaux \u00e0 Paris et \u00e0 Turin. Les bijoux La Mollla sont fabriqu\u00e9s \u00e0 partir d&#8217;\u00e9ponges provenant de l&#8217;usine de Turin, et assembl\u00e9s et finis en France.<\/p>\n<p>La Mollla &#8211; N\u00b01 Collection &#8211; Collier moyen, acier inoxydable<\/p>\n<p>Caract\u00e9ristiques et avantages du produit : En 1987, Tiziana Redavid, \u00e9tudiante \u00e0 la facult\u00e9 d&#8217;architecture de l&#8217;\u00e9cole polytechnique de Turin, a d\u00e9couvert la beaut\u00e9 des ressorts en acier inoxydable sur son poignet. Ce moment heureux a enflamm\u00e9 leur voyage cr\u00e9atif et a conduit \u00e0 la cr\u00e9ation de La Mollla en 1997. La marque, nomm\u00e9e d&#8217;apr\u00e8s son extensibilit\u00e9, allie art et commerce. Tiziana, architecte et designer de renomm\u00e9e mondiale, supervise la production des bijoux La Mollla, qui utilisent des plumes de Turin, assembl\u00e9es et finies en France.<\/p>\n","protected":false},"excerpt":{"rendered":"<p>Collier Tiziana Redavid \u00e9tait \u00e9tudiante \u00e0 l&#8217;\u00e9cole polytechnique d&#8217;architecture de Turin en 1987 lorsqu&#8217;elle a fait une d\u00e9couverte circonstancielle. Depuis le sol de l&#8217;usine d&#8217;un fabricant de ressorts industriels, elle a d\u00e9couvert que les ressorts en acier inoxydable laiss\u00e9s en place \u00e9taient plut\u00f4t beaux sur son poignet. L&#8217;\u00e9tincelle cr\u00e9ative de l&#8217;inventeur s&#8217;est allum\u00e9e juste l\u00e0 [&hellip;]<\/p>\n","protected":false},"featured_media":99930,"comment_status":"open","ping_status":"closed","template":"","meta":{"_acf_changed":false},"product_brand":[3132],"product_cat":[3277],"product_tag":[3295],"class_list":{"0":"post-95961","1":"product","2":"type-product","3":"status-publish","4":"has-post-thumbnail","6":"product_brand-la-mollla","7":"product_cat-chaines","8":"product_tag-pour-vous","9":"product_shipping_class-colis-jusqua-2-kg","11":"first","12":"onbackorder","13":"taxable","14":"shipping-taxable","15":"purchasable","16":"product-type-simple"},"acf":[],"_links":{"self":[{"href":"https:\/\/one-horizon.ch\/fr\/wp-json\/wp\/v2\/product\/95961","targetHints":{"allow":["GET"]}}],"collection":[{"href":"https:\/\/one-horizon.ch\/fr\/wp-json\/wp\/v2\/product"}],"about":[{"href":"https:\/\/one-horizon.ch\/fr\/wp-json\/wp\/v2\/types\/product"}],"replies":[{"embeddable":true,"href":"https:\/\/one-horizon.ch\/fr\/wp-json\/wp\/v2\/comments?post=95961"}],"wp:featuredmedia":[{"embeddable":true,"href":"https:\/\/one-horizon.ch\/fr\/wp-json\/wp\/v2\/media\/99930"}],"wp:attachment":[{"href":"https:\/\/one-horizon.ch\/fr\/wp-json\/wp\/v2\/media?parent=95961"}],"wp:term":[{"taxonomy":"product_brand","embeddable":true,"href":"https:\/\/one-horizon.ch\/fr\/wp-json\/wp\/v2\/product_brand?post=95961"},{"taxonomy":"product_cat","embeddable":true,"href":"https:\/\/one-horizon.ch\/fr\/wp-json\/wp\/v2\/product_cat?post=95961"},{"taxonomy":"product_tag","embeddable":true,"href":"https:\/\/one-horizon.ch\/fr\/wp-json\/wp\/v2\/product_tag?post=95961"}],"curies":[{"name":"wp","href":"https:\/\/api.w.org\/{rel}","templated":true}]}}